{"id":2152,"date":"2024-12-04T07:27:29","date_gmt":"2024-12-04T07:27:29","guid":{"rendered":"https:\/\/www.senegel.com\/education-internationale\/"},"modified":"2025-11-04T10:13:05","modified_gmt":"2025-11-04T10:13:05","slug":"education-internationale","status":"publish","type":"page","link":"https:\/\/www.senegel.com\/fr\/services\/education-internationale\/","title":{"rendered":"\u00c9ducation internationale"},"content":{"rendered":"\t\t<div data-elementor-type=\"wp-page\" data-elementor-id=\"2152\" class=\"elementor elementor-2152 elementor-2061\" data-elementor-post-type=\"page\">\n\t\t\t\t\t\t<section class=\"elementor-section elementor-top-section elementor-element elementor-element-47117e6 elementor-section-boxed elementor-section-height-default elementor-section-height-default\" data-id=\"47117e6\" data-element_type=\"section\" data-e-type=\"section\" data-settings=\"{&quot;background_background&quot;:&quot;classic&quot;}\">\n\t\t\t\t\t\t<div class=\"elementor-container elementor-column-gap-no\">\n\t\t\t\t\t<div class=\"elementor-column elementor-col-100 elementor-top-column elementor-element elementor-element-c5cbc28\" data-id=\"c5cbc28\" data-element_type=\"column\" data-e-type=\"column\">\n\t\t\t<div class=\"elementor-widget-wrap elementor-element-populated\">\n\t\t\t\t\t\t<div class=\"elementor-element elementor-element-aff0c05 elementor-widget elementor-widget-heading\" data-id=\"aff0c05\" data-element_type=\"widget\" data-e-type=\"widget\" data-widget_type=\"heading.default\">\n\t\t\t\t<div class=\"elementor-widget-container\">\n\t\t\t\t\t<h1 class=\"elementor-heading-title elementor-size-default\">\u00c9ducation internationale<\/h1>\t\t\t\t<\/div>\n\t\t\t\t<\/div>\n\t\t\t\t\t<\/div>\n\t\t<\/div>\n\t\t\t\t\t<\/div>\n\t\t<\/section>\n\t\t\t\t<section class=\"elementor-section elementor-top-section elementor-element elementor-element-7ccd6a8 elementor-section-boxed elementor-section-height-default elementor-section-height-default\" data-id=\"7ccd6a8\" data-element_type=\"section\" data-e-type=\"section\" data-settings=\"{&quot;background_background&quot;:&quot;classic&quot;}\">\n\t\t\t\t\t\t<div class=\"elementor-container elementor-column-gap-no\">\n\t\t\t\t\t<div class=\"elementor-column elementor-col-100 elementor-top-column elementor-element elementor-element-e361a82\" data-id=\"e361a82\" data-element_type=\"column\" data-e-type=\"column\">\n\t\t\t<div class=\"elementor-widget-wrap elementor-element-populated\">\n\t\t\t\t\t\t<div class=\"elementor-element elementor-element-3ca6eeb elementor-position-right elementor-vertical-align-middle elementor-widget elementor-widget-image-box\" data-id=\"3ca6eeb\" data-element_type=\"widget\" data-e-type=\"widget\" data-widget_type=\"image-box.default\">\n\t\t\t\t<div class=\"elementor-widget-container\">\n\t\t\t\t\t<div class=\"elementor-image-box-wrapper\"><figure class=\"elementor-image-box-img\"><img loading=\"lazy\" decoding=\"async\" width=\"654\" height=\"675\" src=\"https:\/\/www.senegel.com\/wp-content\/uploads\/2024\/12\/International-education.jpg\" class=\"attachment-full size-full wp-image-2069\" alt=\"International Education\" srcset=\"https:\/\/www.senegel.com\/wp-content\/uploads\/2024\/12\/International-education.jpg 654w, https:\/\/www.senegel.com\/wp-content\/uploads\/2024\/12\/International-education-291x300.jpg 291w\" sizes=\"auto, (max-width: 654px) 100vw, 654px\" \/><\/figure><div class=\"elementor-image-box-content\"><h4 class=\"elementor-image-box-title\">\u00c9ducation internationale<\/h4><p class=\"elementor-image-box-description\">Gr\u00e2ce \u00e0 des initiatives telles que la plateforme COYA et des opportunit\u00e9s d\u2019\u00e9tudes internationales, SENEGEL donne aux apprenants l\u2019acc\u00e8s \u00e0 des ressources \u00e9ducatives de qualit\u00e9, diversifi\u00e9es pour un des parcours professionnels bien ficel\u00e9s. Ces programmes permettent d\u2019acqu\u00e9rir des comp\u00e9tences, et d\u2019avoir une excellente connexion des r\u00e9seaux mondiaux tout en contribuant \u00e0 la croissance durable du S\u00e9n\u00e9gal.<\/p><\/div><\/div>\t\t\t\t<\/div>\n\t\t\t\t<\/div>\n\t\t\t\t\t<\/div>\n\t\t<\/div>\n\t\t\t\t\t<\/div>\n\t\t<\/section>\n\t\t\t\t<\/div>\n\t\t","protected":false},"excerpt":{"rendered":"<p>\u00c9ducation internationale \u00c9ducation internationale Gr\u00e2ce \u00e0 des initiatives telles que la plateforme COYA et des opportunit\u00e9s d\u2019\u00e9tudes internationales, SENEGEL donne aux apprenants l\u2019acc\u00e8s \u00e0 des ressources \u00e9ducatives de qualit\u00e9, diversifi\u00e9es pour un des parcours professionnels bien ficel\u00e9s. Ces programmes permettent d\u2019acqu\u00e9rir des comp\u00e9tences, et d\u2019avoir une excellente connexion des r\u00e9seaux mondiaux tout en contribuant \u00e0 [&hellip;]<\/p>\n","protected":false},"author":1,"featured_media":0,"parent":2175,"menu_order":0,"comment_status":"closed","ping_status":"closed","template":"","meta":{"site-sidebar-layout":"no-sidebar","site-content-layout":"page-builder","ast-site-content-layout":"full-width-container","site-content-style":"unboxed","site-sidebar-style":"unboxed","ast-global-header-display":"","ast-banner-title-visibility":"","ast-main-header-display":"","ast-hfb-above-header-display":"","ast-hfb-below-header-display":"","ast-hfb-mobile-header-display":"","site-post-title":"disabled","ast-breadcrumbs-content":"disabled","ast-featured-img":"disabled","footer-sml-layout":"","ast-disable-related-posts":"","theme-transparent-header-meta":"enabled","adv-header-id-meta":"","stick-header-meta":"","header-above-stick-meta":"","header-main-stick-meta":"","header-below-stick-meta":"","astra-migrate-meta-layouts":"default","ast-page-background-enabled":"default","ast-page-background-meta":{"desktop":{"background-color":"","background-image":"","background-repeat":"repeat","background-position":"center center","background-size":"auto","background-attachment":"scroll","background-type":"","background-media":"","overlay-type":"","overlay-color":"","overlay-opacity":"","overlay-gradient":""},"tablet":{"background-color":"","background-image":"","background-repeat":"repeat","background-position":"center center","background-size":"auto","background-attachment":"scroll","background-type":"","background-media":"","overlay-type":"","overlay-color":"","overlay-opacity":"","overlay-gradient":""},"mobile":{"background-color":"","background-image":"","background-repeat":"repeat","background-position":"center center","background-size":"auto","background-attachment":"scroll","background-type":"","background-media":"","overlay-type":"","overlay-color":"","overlay-opacity":"","overlay-gradient":""}},"ast-content-background-meta":{"desktop":{"background-color":"var(--ast-global-color-5)","background-image":"","background-repeat":"repeat","background-position":"center center","background-size":"auto","background-attachment":"scroll","background-type":"","background-media":"","overlay-type":"","overlay-color":"","overlay-opacity":"","overlay-gradient":""},"tablet":{"background-color":"var(--ast-global-color-5)","background-image":"","background-repeat":"repeat","background-position":"center center","background-size":"auto","background-attachment":"scroll","background-type":"","background-media":"","overlay-type":"","overlay-color":"","overlay-opacity":"","overlay-gradient":""},"mobile":{"background-color":"var(--ast-global-color-5)","background-image":"","background-repeat":"repeat","background-position":"center center","background-size":"auto","background-attachment":"scroll","background-type":"","background-media":"","overlay-type":"","overlay-color":"","overlay-opacity":"","overlay-gradient":""}},"footnotes":""},"class_list":["post-2152","page","type-page","status-publish","hentry"],"_links":{"self":[{"href":"https:\/\/www.senegel.com\/fr\/wp-json\/wp\/v2\/pages\/2152","targetHints":{"allow":["GET"]}}],"collection":[{"href":"https:\/\/www.senegel.com\/fr\/wp-json\/wp\/v2\/pages"}],"about":[{"href":"https:\/\/www.senegel.com\/fr\/wp-json\/wp\/v2\/types\/page"}],"author":[{"embeddable":true,"href":"https:\/\/www.senegel.com\/fr\/wp-json\/wp\/v2\/users\/1"}],"replies":[{"embeddable":true,"href":"https:\/\/www.senegel.com\/fr\/wp-json\/wp\/v2\/comments?post=2152"}],"version-history":[{"count":8,"href":"https:\/\/www.senegel.com\/fr\/wp-json\/wp\/v2\/pages\/2152\/revisions"}],"predecessor-version":[{"id":2711,"href":"https:\/\/www.senegel.com\/fr\/wp-json\/wp\/v2\/pages\/2152\/revisions\/2711"}],"up":[{"embeddable":true,"href":"https:\/\/www.senegel.com\/fr\/wp-json\/wp\/v2\/pages\/2175"}],"wp:attachment":[{"href":"https:\/\/www.senegel.com\/fr\/wp-json\/wp\/v2\/media?parent=2152"}],"curies":[{"name":"wp","href":"https:\/\/api.w.org\/{rel}","templated":true}]}}